{"id":382,"date":"2020-08-05T14:38:56","date_gmt":"2020-08-05T14:38:56","guid":{"rendered":"https:\/\/cavacafe.dk\/gallery\/"},"modified":"2024-10-04T08:00:30","modified_gmt":"2024-10-04T08:00:30","slug":"gallery","status":"publish","type":"page","link":"https:\/\/cavacafe.dk\/da\/gallery\/","title":{"rendered":"Galleri"},"content":{"rendered":"\t\t<div data-elementor-type=\"wp-page\" data-elementor-id=\"382\" class=\"elementor elementor-382 elementor-128\">\n\t\t\t\t\t\t<section class=\"elementor-section elementor-top-section elementor-element elementor-element-3dcfbf8 elementor-section-full_width elementor-section-height-default elementor-section-height-default\" data-id=\"3dcfbf8\" data-element_type=\"section\" data-e-type=\"section\">\n\t\t\t\t\t\t<div class=\"elementor-container elementor-column-gap-default\">\n\t\t\t\t\t<div class=\"elementor-column elementor-col-100 elementor-top-column elementor-element elementor-element-05c624f\" data-id=\"05c624f\" data-element_type=\"column\" data-e-type=\"column\">\n\t\t\t<div class=\"elementor-widget-wrap elementor-element-populated\">\n\t\t\t\t\t\t<div class=\"elementor-element elementor-element-26c1003 elementor-widget elementor-widget-gallery-section\" data-id=\"26c1003\" data-element_type=\"widget\" data-e-type=\"widget\" data-widget_type=\"gallery-section.default\">\n\t\t\t\t<div class=\"elementor-widget-container\">\n\t\t\t\t\t\n\t\t<section id=\"gallery\" class=\"section section-gallery cover\">\n\n\t\t\t\t<!-- Gallery Carousel -->\n\t\t\t\t<div class=\"gallery-carousel inner-controls\">\n\t\t\t\t\t\t\t\t\t\t\t<div class=\"slide\">\n\t\t\t\t\t\t\t<div class=\"bg-image bg-parallax\">\n\t\t\t\t\t\t\t<img decoding=\"async\" src=\"https:\/\/cavacafe.dk\/wp-content\/uploads\/2020\/08\/CAVA_CAFE-1.jpg\" alt=\"\">\n\t\t\t\t\t\t<\/div>\n\t\t\t\t\t<\/div>\n\t\t\t\t\t\t\t\t\t\t\t<div class=\"slide\">\n\t\t\t\t\t\t\t<div class=\"bg-image bg-parallax\">\n\t\t\t\t\t\t\t<img decoding=\"async\" src=\"https:\/\/cavacafe.dk\/wp-content\/uploads\/2020\/08\/CAVA_CAFE-2.jpg\" alt=\"\">\n\t\t\t\t\t\t<\/div>\n\t\t\t\t\t<\/div>\n\t\t\t\t\t\t\t\t\t\t\t<div class=\"slide\">\n\t\t\t\t\t\t\t<div class=\"bg-image bg-parallax\">\n\t\t\t\t\t\t\t<img decoding=\"async\" src=\"https:\/\/cavacafe.dk\/wp-content\/uploads\/2020\/08\/CAVA_CAFE-3.jpg\" alt=\"\">\n\t\t\t\t\t\t<\/div>\n\t\t\t\t\t<\/div>\n\t\t\t\t\t\t\t\t\t\t\t<div class=\"slide\">\n\t\t\t\t\t\t\t<div class=\"bg-image bg-parallax\">\n\t\t\t\t\t\t\t<img decoding=\"async\" src=\"https:\/\/cavacafe.dk\/wp-content\/uploads\/2020\/08\/CAVA_CAFE-7.jpg\" alt=\"\">\n\t\t\t\t\t\t<\/div>\n\t\t\t\t\t<\/div>\n\t\t\t\t\t\t\t\t\t\t\t<div class=\"slide\">\n\t\t\t\t\t\t\t<div class=\"bg-image bg-parallax\">\n\t\t\t\t\t\t\t<img decoding=\"async\" src=\"https:\/\/cavacafe.dk\/wp-content\/uploads\/2020\/08\/CAVA_CAFE-9.jpg\" alt=\"\">\n\t\t\t\t\t\t<\/div>\n\t\t\t\t\t<\/div>\n\t\t\t\t\t\t\t\t\t\t\t<div class=\"slide\">\n\t\t\t\t\t\t\t<div class=\"bg-image bg-parallax\">\n\t\t\t\t\t\t\t<img decoding=\"async\" src=\"https:\/\/cavacafe.dk\/wp-content\/uploads\/2020\/08\/CAVA_CAFE-10.jpg\" alt=\"\">\n\t\t\t\t\t\t<\/div>\n\t\t\t\t\t<\/div>\n\t\t\t\t\t\t\t\t\t\t\t<div class=\"slide\">\n\t\t\t\t\t\t\t<div class=\"bg-image bg-parallax\">\n\t\t\t\t\t\t\t<img decoding=\"async\" src=\"https:\/\/cavacafe.dk\/wp-content\/uploads\/2020\/08\/CAVA_CAFE-11.jpg\" alt=\"\">\n\t\t\t\t\t\t<\/div>\n\t\t\t\t\t<\/div>\n\t\t\t\t\t\t\t\t\t\t\t<div class=\"slide\">\n\t\t\t\t\t\t\t<div class=\"bg-image bg-parallax\">\n\t\t\t\t\t\t\t<img decoding=\"async\" src=\"https:\/\/cavacafe.dk\/wp-content\/uploads\/2020\/08\/CAVA_CAFE-12.jpg\" alt=\"\">\n\t\t\t\t\t\t<\/div>\n\t\t\t\t\t<\/div>\n\t\t\t\t\t\t\t\t\t\t\t<div class=\"slide\">\n\t\t\t\t\t\t\t<div class=\"bg-image bg-parallax\">\n\t\t\t\t\t\t\t<img decoding=\"async\" src=\"https:\/\/cavacafe.dk\/wp-content\/uploads\/2020\/08\/CAVA_CAFE-34.jpg\" alt=\"\">\n\t\t\t\t\t\t<\/div>\n\t\t\t\t\t<\/div>\n\t\t\t\t\t\t\t\t\t\t\t<div class=\"slide\">\n\t\t\t\t\t\t\t<div class=\"bg-image bg-parallax\">\n\t\t\t\t\t\t\t<img decoding=\"async\" src=\"https:\/\/cavacafe.dk\/wp-content\/uploads\/2020\/08\/CAVA_CAFE-22.jpg\" alt=\"\">\n\t\t\t\t\t\t<\/div>\n\t\t\t\t\t<\/div>\n\t\t\t\t\t\t\t\t\t\t\t<div class=\"slide\">\n\t\t\t\t\t\t\t<div class=\"bg-image bg-parallax\">\n\t\t\t\t\t\t\t<img decoding=\"async\" src=\"https:\/\/cavacafe.dk\/wp-content\/uploads\/2020\/08\/CAVA_CAFE-33.jpg\" alt=\"\">\n\t\t\t\t\t\t<\/div>\n\t\t\t\t\t<\/div>\n\t\t\t\t\t\t\t\t\t\t\t<div class=\"slide\">\n\t\t\t\t\t\t\t<div class=\"bg-image bg-parallax\">\n\t\t\t\t\t\t\t<img decoding=\"async\" src=\"https:\/\/cavacafe.dk\/wp-content\/uploads\/2020\/08\/CAVA_CAFE-31.jpg\" alt=\"\">\n\t\t\t\t\t\t<\/div>\n\t\t\t\t\t<\/div>\n\t\t\t\t\t\t\t\t\t\t\t<div class=\"slide\">\n\t\t\t\t\t\t\t<div class=\"bg-image bg-parallax\">\n\t\t\t\t\t\t\t<img decoding=\"async\" src=\"https:\/\/cavacafe.dk\/wp-content\/uploads\/2020\/08\/CAVA_CAFE-24.jpg\" alt=\"\">\n\t\t\t\t\t\t<\/div>\n\t\t\t\t\t<\/div>\n\t\t\t\t\t\t\t\t\t\t\t<div class=\"slide\">\n\t\t\t\t\t\t\t<div class=\"bg-image bg-parallax\">\n\t\t\t\t\t\t\t<img decoding=\"async\" src=\"https:\/\/cavacafe.dk\/wp-content\/uploads\/2020\/08\/CAVA_CAFE-26.jpg\" alt=\"\">\n\t\t\t\t\t\t<\/div>\n\t\t\t\t\t<\/div>\n\t\t\t\t\t\t\t\t\t\t\t<div class=\"slide\">\n\t\t\t\t\t\t\t<div class=\"bg-image bg-parallax\">\n\t\t\t\t\t\t\t<img decoding=\"async\" src=\"https:\/\/cavacafe.dk\/wp-content\/uploads\/2020\/08\/CAVA_CAFE-27.jpg\" alt=\"\">\n\t\t\t\t\t\t<\/div>\n\t\t\t\t\t<\/div>\n\t\t\t\t\t\t\t\t\t\t\t<div class=\"slide\">\n\t\t\t\t\t\t\t<div class=\"bg-image bg-parallax\">\n\t\t\t\t\t\t\t<img decoding=\"async\" src=\"https:\/\/cavacafe.dk\/wp-content\/uploads\/2020\/08\/CAVA_CAFE-30.jpg\" alt=\"\">\n\t\t\t\t\t\t<\/div>\n\t\t\t\t\t<\/div>\n\t\t\t\t\t\t\t\t\t<\/div>\n\n\t\t\t\t<!-- Gallery Carousel Nav -->\n\t\t\t\t<div class=\"gallery-nav\">\n\t\t\t\t\t\t\t\t\t\t\t<img decoding=\"async\" src=\"https:\/\/cavacafe.dk\/wp-content\/uploads\/2020\/08\/CAVA_CAFE-1.jpg\" alt=\"\">\n\t\t\t\t\t\t\t\t\t\t\t<img decoding=\"async\" src=\"https:\/\/cavacafe.dk\/wp-content\/uploads\/2020\/08\/CAVA_CAFE-2.jpg\" alt=\"\">\n\t\t\t\t\t\t\t\t\t\t\t<img decoding=\"async\" src=\"https:\/\/cavacafe.dk\/wp-content\/uploads\/2020\/08\/CAVA_CAFE-3.jpg\" alt=\"\">\n\t\t\t\t\t\t\t\t\t\t\t<img decoding=\"async\" src=\"https:\/\/cavacafe.dk\/wp-content\/uploads\/2020\/08\/CAVA_CAFE-7.jpg\" alt=\"\">\n\t\t\t\t\t\t\t\t\t\t\t<img decoding=\"async\" src=\"https:\/\/cavacafe.dk\/wp-content\/uploads\/2020\/08\/CAVA_CAFE-9.jpg\" alt=\"\">\n\t\t\t\t\t\t\t\t\t\t\t<img decoding=\"async\" src=\"https:\/\/cavacafe.dk\/wp-content\/uploads\/2020\/08\/CAVA_CAFE-10.jpg\" alt=\"\">\n\t\t\t\t\t\t\t\t\t\t\t<img decoding=\"async\" src=\"https:\/\/cavacafe.dk\/wp-content\/uploads\/2020\/08\/CAVA_CAFE-11.jpg\" alt=\"\">\n\t\t\t\t\t\t\t\t\t\t\t<img decoding=\"async\" src=\"https:\/\/cavacafe.dk\/wp-content\/uploads\/2020\/08\/CAVA_CAFE-12.jpg\" alt=\"\">\n\t\t\t\t\t\t\t\t\t\t\t<img decoding=\"async\" src=\"https:\/\/cavacafe.dk\/wp-content\/uploads\/2020\/08\/CAVA_CAFE-34.jpg\" alt=\"\">\n\t\t\t\t\t\t\t\t\t\t\t<img decoding=\"async\" src=\"https:\/\/cavacafe.dk\/wp-content\/uploads\/2020\/08\/CAVA_CAFE-22.jpg\" alt=\"\">\n\t\t\t\t\t\t\t\t\t\t\t<img decoding=\"async\" src=\"https:\/\/cavacafe.dk\/wp-content\/uploads\/2020\/08\/CAVA_CAFE-33.jpg\" alt=\"\">\n\t\t\t\t\t\t\t\t\t\t\t<img decoding=\"async\" src=\"https:\/\/cavacafe.dk\/wp-content\/uploads\/2020\/08\/CAVA_CAFE-31.jpg\" alt=\"\">\n\t\t\t\t\t\t\t\t\t\t\t<img decoding=\"async\" src=\"https:\/\/cavacafe.dk\/wp-content\/uploads\/2020\/08\/CAVA_CAFE-24.jpg\" alt=\"\">\n\t\t\t\t\t\t\t\t\t\t\t<img decoding=\"async\" src=\"https:\/\/cavacafe.dk\/wp-content\/uploads\/2020\/08\/CAVA_CAFE-26.jpg\" alt=\"\">\n\t\t\t\t\t\t\t\t\t\t\t<img decoding=\"async\" src=\"https:\/\/cavacafe.dk\/wp-content\/uploads\/2020\/08\/CAVA_CAFE-27.jpg\" alt=\"\">\n\t\t\t\t\t\t\t\t\t\t\t<img decoding=\"async\" src=\"https:\/\/cavacafe.dk\/wp-content\/uploads\/2020\/08\/CAVA_CAFE-30.jpg\" alt=\"\">\n\t\t\t\t\t\t\t\t\t<\/div>\n\t\t\t\t\n\n\n\t\t\t\t<div class=\"set-fullscreen\">\n\t\t\t\t\t\t<a href=\"#gallery\" id=\"trigger_fullscreen\"><i class=\"ti ti-fullscreen\"><\/i><\/a>\n\t\t\t\t<\/div>\n\n\t\t<\/section>\n\t\t\t\t\t\t<\/div>\n\t\t\t\t<\/div>\n\t\t\t\t<div class=\"elementor-element elementor-element-be1e1b2 elementor-widget elementor-widget-html\" data-id=\"be1e1b2\" data-element_type=\"widget\" data-e-type=\"widget\" data-widget_type=\"html.default\">\n\t\t\t\t<div class=\"elementor-widget-container\">\n\t\t\t\t\t<iframe width='853' height='480' src='https:\/\/my.matterport.com\/show\/?m=E5cH4NFXV7N' frameborder='0' allowfullscreen allow='xr-spatial-tracking'><\/iframe>\t\t\t\t<\/div>\n\t\t\t\t<\/div>\n\t\t\t\t\t<\/div>\n\t\t<\/div>\n\t\t\t\t\t<\/div>\n\t\t<\/section>\n\t\t\t\t<\/div>\n\t\t","protected":false},"excerpt":{"rendered":"","protected":false},"author":1,"featured_media":0,"parent":0,"menu_order":0,"comment_status":"closed","ping_status":"closed","template":"","meta":{"footnotes":""},"class_list":["post-382","page","type-page","status-publish","hentry"],"yoast_head":"<!-- This site is optimized with the Yoast SEO plugin v27.4 - https:\/\/yoast.com\/product\/yoast-seo-wordpress\/ -->\n<title>Galleri - CavaCaf\u00e9<\/title>\n<meta name=\"description\" content=\"CavaCaf\u00e9 er en kaffe og mad i K\u00f8benhavn, der serverer l\u00e6kker morgenbrunch samt frokost &amp; aftensmad. L\u00e6s mere om udvalget &amp; mulighederne her. Cava Caf\u00e9, Kongedybet, K\u00f8benhavn\" \/>\n<meta name=\"robots\" content=\"index, follow, max-snippet:-1, max-image-preview:large, max-video-preview:-1\" \/>\n<link rel=\"canonical\" href=\"https:\/\/cavacafe.dk\/da\/gallery\/\" \/>\n<meta property=\"og:locale\" content=\"da_DK\" \/>\n<meta property=\"og:type\" content=\"article\" \/>\n<meta property=\"og:title\" content=\"Galleri - CavaCaf\u00e9\" \/>\n<meta property=\"og:description\" content=\"CavaCaf\u00e9 er en kaffe og mad i K\u00f8benhavn, der serverer l\u00e6kker morgenbrunch samt frokost &amp; aftensmad. L\u00e6s mere om udvalget &amp; mulighederne her. Cava Caf\u00e9, Kongedybet, K\u00f8benhavn\" \/>\n<meta property=\"og:url\" content=\"https:\/\/cavacafe.dk\/da\/gallery\/\" \/>\n<meta property=\"og:site_name\" content=\"CavaCaf\u00e9\" \/>\n<meta property=\"article:modified_time\" content=\"2024-10-04T08:00:30+00:00\" \/>\n<meta property=\"og:image\" content=\"https:\/\/cavacafe.dk\/wp-content\/uploads\/2020\/08\/CAVA_CAFE-1.jpg\" \/>\n<meta name=\"twitter:card\" content=\"summary_large_image\" \/>\n<meta name=\"twitter:label1\" content=\"Estimeret l\u00e6setid\" \/>\n\t<meta name=\"twitter:data1\" content=\"7 minutter\" \/>\n<script type=\"application\/ld+json\" class=\"yoast-schema-graph\">{\"@context\":\"https:\\\/\\\/schema.org\",\"@graph\":[{\"@type\":\"WebPage\",\"@id\":\"https:\\\/\\\/cavacafe.dk\\\/da\\\/gallery\\\/\",\"url\":\"https:\\\/\\\/cavacafe.dk\\\/da\\\/gallery\\\/\",\"name\":\"Galleri - CavaCaf\u00e9\",\"isPartOf\":{\"@id\":\"https:\\\/\\\/cavacafe.dk\\\/da\\\/#website\"},\"primaryImageOfPage\":{\"@id\":\"https:\\\/\\\/cavacafe.dk\\\/da\\\/gallery\\\/#primaryimage\"},\"image\":{\"@id\":\"https:\\\/\\\/cavacafe.dk\\\/da\\\/gallery\\\/#primaryimage\"},\"thumbnailUrl\":\"https:\\\/\\\/cavacafe.dk\\\/wp-content\\\/uploads\\\/2020\\\/08\\\/CAVA_CAFE-1.jpg\",\"datePublished\":\"2020-08-05T14:38:56+00:00\",\"dateModified\":\"2024-10-04T08:00:30+00:00\",\"description\":\"CavaCaf\u00e9 er en kaffe og mad i K\u00f8benhavn, der serverer l\u00e6kker morgenbrunch samt frokost & aftensmad. L\u00e6s mere om udvalget & mulighederne her. Cava Caf\u00e9, Kongedybet, K\u00f8benhavn\",\"breadcrumb\":{\"@id\":\"https:\\\/\\\/cavacafe.dk\\\/da\\\/gallery\\\/#breadcrumb\"},\"inLanguage\":\"da-DK\",\"potentialAction\":[{\"@type\":\"ReadAction\",\"target\":[\"https:\\\/\\\/cavacafe.dk\\\/da\\\/gallery\\\/\"]}]},{\"@type\":\"ImageObject\",\"inLanguage\":\"da-DK\",\"@id\":\"https:\\\/\\\/cavacafe.dk\\\/da\\\/gallery\\\/#primaryimage\",\"url\":\"https:\\\/\\\/cavacafe.dk\\\/wp-content\\\/uploads\\\/2020\\\/08\\\/CAVA_CAFE-1.jpg\",\"contentUrl\":\"https:\\\/\\\/cavacafe.dk\\\/wp-content\\\/uploads\\\/2020\\\/08\\\/CAVA_CAFE-1.jpg\"},{\"@type\":\"BreadcrumbList\",\"@id\":\"https:\\\/\\\/cavacafe.dk\\\/da\\\/gallery\\\/#breadcrumb\",\"itemListElement\":[{\"@type\":\"ListItem\",\"position\":1,\"name\":\"Home\",\"item\":\"https:\\\/\\\/cavacafe.dk\\\/da\\\/\"},{\"@type\":\"ListItem\",\"position\":2,\"name\":\"Galleri\"}]},{\"@type\":\"WebSite\",\"@id\":\"https:\\\/\\\/cavacafe.dk\\\/da\\\/#website\",\"url\":\"https:\\\/\\\/cavacafe.dk\\\/da\\\/\",\"name\":\"CavaCaf\u00e9\",\"description\":\"Kaffe &amp; Mad\",\"publisher\":{\"@id\":\"https:\\\/\\\/cavacafe.dk\\\/da\\\/#organization\"},\"potentialAction\":[{\"@type\":\"SearchAction\",\"target\":{\"@type\":\"EntryPoint\",\"urlTemplate\":\"https:\\\/\\\/cavacafe.dk\\\/da\\\/?s={search_term_string}\"},\"query-input\":{\"@type\":\"PropertyValueSpecification\",\"valueRequired\":true,\"valueName\":\"search_term_string\"}}],\"inLanguage\":\"da-DK\"},{\"@type\":\"Organization\",\"@id\":\"https:\\\/\\\/cavacafe.dk\\\/da\\\/#organization\",\"name\":\"CavaCaf\u00e9\",\"url\":\"https:\\\/\\\/cavacafe.dk\\\/da\\\/\",\"logo\":{\"@type\":\"ImageObject\",\"inLanguage\":\"da-DK\",\"@id\":\"https:\\\/\\\/cavacafe.dk\\\/da\\\/#\\\/schema\\\/logo\\\/image\\\/\",\"url\":\"https:\\\/\\\/cavacafe.dk\\\/wp-content\\\/uploads\\\/2020\\\/08\\\/logo.png\",\"contentUrl\":\"https:\\\/\\\/cavacafe.dk\\\/wp-content\\\/uploads\\\/2020\\\/08\\\/logo.png\",\"width\":200,\"height\":141,\"caption\":\"CavaCaf\u00e9\"},\"image\":{\"@id\":\"https:\\\/\\\/cavacafe.dk\\\/da\\\/#\\\/schema\\\/logo\\\/image\\\/\"}}]}<\/script>\n<!-- \/ Yoast SEO plugin. -->","yoast_head_json":{"title":"Galleri - CavaCaf\u00e9","description":"CavaCaf\u00e9 er en kaffe og mad i K\u00f8benhavn, der serverer l\u00e6kker morgenbrunch samt frokost & aftensmad. L\u00e6s mere om udvalget & mulighederne her. Cava Caf\u00e9, Kongedybet, K\u00f8benhavn","robots":{"index":"index","follow":"follow","max-snippet":"max-snippet:-1","max-image-preview":"max-image-preview:large","max-video-preview":"max-video-preview:-1"},"canonical":"https:\/\/cavacafe.dk\/da\/gallery\/","og_locale":"da_DK","og_type":"article","og_title":"Galleri - CavaCaf\u00e9","og_description":"CavaCaf\u00e9 er en kaffe og mad i K\u00f8benhavn, der serverer l\u00e6kker morgenbrunch samt frokost & aftensmad. L\u00e6s mere om udvalget & mulighederne her. Cava Caf\u00e9, Kongedybet, K\u00f8benhavn","og_url":"https:\/\/cavacafe.dk\/da\/gallery\/","og_site_name":"CavaCaf\u00e9","article_modified_time":"2024-10-04T08:00:30+00:00","og_image":[{"url":"https:\/\/cavacafe.dk\/wp-content\/uploads\/2020\/08\/CAVA_CAFE-1.jpg","type":"","width":"","height":""}],"twitter_card":"summary_large_image","twitter_misc":{"Estimeret l\u00e6setid":"7 minutter"},"schema":{"@context":"https:\/\/schema.org","@graph":[{"@type":"WebPage","@id":"https:\/\/cavacafe.dk\/da\/gallery\/","url":"https:\/\/cavacafe.dk\/da\/gallery\/","name":"Galleri - CavaCaf\u00e9","isPartOf":{"@id":"https:\/\/cavacafe.dk\/da\/#website"},"primaryImageOfPage":{"@id":"https:\/\/cavacafe.dk\/da\/gallery\/#primaryimage"},"image":{"@id":"https:\/\/cavacafe.dk\/da\/gallery\/#primaryimage"},"thumbnailUrl":"https:\/\/cavacafe.dk\/wp-content\/uploads\/2020\/08\/CAVA_CAFE-1.jpg","datePublished":"2020-08-05T14:38:56+00:00","dateModified":"2024-10-04T08:00:30+00:00","description":"CavaCaf\u00e9 er en kaffe og mad i K\u00f8benhavn, der serverer l\u00e6kker morgenbrunch samt frokost & aftensmad. L\u00e6s mere om udvalget & mulighederne her. Cava Caf\u00e9, Kongedybet, K\u00f8benhavn","breadcrumb":{"@id":"https:\/\/cavacafe.dk\/da\/gallery\/#breadcrumb"},"inLanguage":"da-DK","potentialAction":[{"@type":"ReadAction","target":["https:\/\/cavacafe.dk\/da\/gallery\/"]}]},{"@type":"ImageObject","inLanguage":"da-DK","@id":"https:\/\/cavacafe.dk\/da\/gallery\/#primaryimage","url":"https:\/\/cavacafe.dk\/wp-content\/uploads\/2020\/08\/CAVA_CAFE-1.jpg","contentUrl":"https:\/\/cavacafe.dk\/wp-content\/uploads\/2020\/08\/CAVA_CAFE-1.jpg"},{"@type":"BreadcrumbList","@id":"https:\/\/cavacafe.dk\/da\/gallery\/#breadcrumb","itemListElement":[{"@type":"ListItem","position":1,"name":"Home","item":"https:\/\/cavacafe.dk\/da\/"},{"@type":"ListItem","position":2,"name":"Galleri"}]},{"@type":"WebSite","@id":"https:\/\/cavacafe.dk\/da\/#website","url":"https:\/\/cavacafe.dk\/da\/","name":"CavaCaf\u00e9","description":"Kaffe &amp; Mad","publisher":{"@id":"https:\/\/cavacafe.dk\/da\/#organization"},"potentialAction":[{"@type":"SearchAction","target":{"@type":"EntryPoint","urlTemplate":"https:\/\/cavacafe.dk\/da\/?s={search_term_string}"},"query-input":{"@type":"PropertyValueSpecification","valueRequired":true,"valueName":"search_term_string"}}],"inLanguage":"da-DK"},{"@type":"Organization","@id":"https:\/\/cavacafe.dk\/da\/#organization","name":"CavaCaf\u00e9","url":"https:\/\/cavacafe.dk\/da\/","logo":{"@type":"ImageObject","inLanguage":"da-DK","@id":"https:\/\/cavacafe.dk\/da\/#\/schema\/logo\/image\/","url":"https:\/\/cavacafe.dk\/wp-content\/uploads\/2020\/08\/logo.png","contentUrl":"https:\/\/cavacafe.dk\/wp-content\/uploads\/2020\/08\/logo.png","width":200,"height":141,"caption":"CavaCaf\u00e9"},"image":{"@id":"https:\/\/cavacafe.dk\/da\/#\/schema\/logo\/image\/"}}]}},"_links":{"self":[{"href":"https:\/\/cavacafe.dk\/da\/wp-json\/wp\/v2\/pages\/382","targetHints":{"allow":["GET"]}}],"collection":[{"href":"https:\/\/cavacafe.dk\/da\/wp-json\/wp\/v2\/pages"}],"about":[{"href":"https:\/\/cavacafe.dk\/da\/wp-json\/wp\/v2\/types\/page"}],"author":[{"embeddable":true,"href":"https:\/\/cavacafe.dk\/da\/wp-json\/wp\/v2\/users\/1"}],"replies":[{"embeddable":true,"href":"https:\/\/cavacafe.dk\/da\/wp-json\/wp\/v2\/comments?post=382"}],"version-history":[{"count":3,"href":"https:\/\/cavacafe.dk\/da\/wp-json\/wp\/v2\/pages\/382\/revisions"}],"predecessor-version":[{"id":995,"href":"https:\/\/cavacafe.dk\/da\/wp-json\/wp\/v2\/pages\/382\/revisions\/995"}],"wp:attachment":[{"href":"https:\/\/cavacafe.dk\/da\/wp-json\/wp\/v2\/media?parent=382"}],"curies":[{"name":"wp","href":"https:\/\/api.w.org\/{rel}","templated":true}]}}