{"id":385,"date":"2020-08-05T19:40:08","date_gmt":"2020-08-05T19:40:08","guid":{"rendered":"https:\/\/cavacafe.dk\/contact-us\/"},"modified":"2024-09-30T13:37:35","modified_gmt":"2024-09-30T13:37:35","slug":"contact-us","status":"publish","type":"page","link":"https:\/\/cavacafe.dk\/da\/contact-us\/","title":{"rendered":"Kontakt os"},"content":{"rendered":"\t\t<div data-elementor-type=\"wp-page\" data-elementor-id=\"385\" class=\"elementor elementor-385 elementor-189\">\n\t\t\t\t\t\t<section class=\"elementor-section elementor-top-section elementor-element elementor-element-ddaa45f elementor-section-boxed elementor-section-height-default elementor-section-height-default\" data-id=\"ddaa45f\" data-element_type=\"section\" data-e-type=\"section\">\n\t\t\t\t\t\t<div class=\"elementor-container elementor-column-gap-wider\">\n\t\t\t\t\t<div class=\"elementor-column elementor-col-50 elementor-top-column elementor-element elementor-element-65c5436\" data-id=\"65c5436\" data-element_type=\"column\" data-e-type=\"column\">\n\t\t\t<div class=\"elementor-widget-wrap elementor-element-populated\">\n\t\t\t\t\t\t<div class=\"elementor-element elementor-element-52cc4b5 elementor-widget elementor-widget-image\" data-id=\"52cc4b5\" data-element_type=\"widget\" data-e-type=\"widget\" data-widget_type=\"image.default\">\n\t\t\t\t<div class=\"elementor-widget-container\">\n\t\t\t\t\t\t\t\t\t\t\t\t\t\t\t<img fetchpriority=\"high\" decoding=\"async\" width=\"300\" height=\"300\" src=\"https:\/\/cavacafe.dk\/wp-content\/uploads\/2020\/08\/cropped-512x512-1-300x300.png\" class=\"attachment-medium size-medium wp-image-306\" alt=\"\" srcset=\"https:\/\/cavacafe.dk\/wp-content\/uploads\/2020\/08\/cropped-512x512-1-300x300.png 300w, https:\/\/cavacafe.dk\/wp-content\/uploads\/2020\/08\/cropped-512x512-1-150x150.png 150w, https:\/\/cavacafe.dk\/wp-content\/uploads\/2020\/08\/cropped-512x512-1-270x270.png 270w, https:\/\/cavacafe.dk\/wp-content\/uploads\/2020\/08\/cropped-512x512-1-192x192.png 192w, https:\/\/cavacafe.dk\/wp-content\/uploads\/2020\/08\/cropped-512x512-1-180x180.png 180w, https:\/\/cavacafe.dk\/wp-content\/uploads\/2020\/08\/cropped-512x512-1-32x32.png 32w, https:\/\/cavacafe.dk\/wp-content\/uploads\/2020\/08\/cropped-512x512-1.png 512w\" sizes=\"(max-width: 300px) 100vw, 300px\" \/>\t\t\t\t\t\t\t\t\t\t\t\t\t\t\t<\/div>\n\t\t\t\t<\/div>\n\t\t\t\t<div class=\"elementor-element elementor-element-627e5c4 elementor-widget elementor-widget-heading\" data-id=\"627e5c4\" data-element_type=\"widget\" data-e-type=\"widget\" data-widget_type=\"heading.default\">\n\t\t\t\t<div class=\"elementor-widget-container\">\n\t\t\t\t\t<h3 class=\"elementor-heading-title elementor-size-default\">CavaCaf\u00e9\n<\/h3>\t\t\t\t<\/div>\n\t\t\t\t<\/div>\n\t\t\t\t<div class=\"elementor-element elementor-element-c3531aa elementor-widget elementor-widget-text-editor\" data-id=\"c3531aa\" data-element_type=\"widget\" data-e-type=\"widget\" data-widget_type=\"text-editor.default\">\n\t\t\t\t<div class=\"elementor-widget-container\">\n\t\t\t\t\t\t\t\t\t<a href=\"https:\/\/goo.gl\/maps\/fVkd9ePN8Bp3aijk7\" target=\"_blank\"><span class=\"text-muted\">Kongedybet 28, 2300 K\u00f8benhavn S<\/span><\/a>\t\t\t\t\t\t\t\t<\/div>\n\t\t\t\t<\/div>\n\t\t\t\t<div class=\"elementor-element elementor-element-bcae003 elementor-widget-divider--view-line elementor-widget elementor-widget-divider\" data-id=\"bcae003\" data-element_type=\"widget\" data-e-type=\"widget\" data-widget_type=\"divider.default\">\n\t\t\t\t<div class=\"elementor-widget-container\">\n\t\t\t\t\t\t\t<div class=\"elementor-divider\">\n\t\t\t<span class=\"elementor-divider-separator\">\n\t\t\t\t\t\t<\/span>\n\t\t<\/div>\n\t\t\t\t\t\t<\/div>\n\t\t\t\t<\/div>\n\t\t\t\t<section class=\"elementor-section elementor-inner-section elementor-element elementor-element-e6918c7 elementor-section-boxed elementor-section-height-default elementor-section-height-default\" data-id=\"e6918c7\" data-element_type=\"section\" data-e-type=\"section\">\n\t\t\t\t\t\t<div class=\"elementor-container elementor-column-gap-default\">\n\t\t\t\t\t<div class=\"elementor-column elementor-col-50 elementor-inner-column elementor-element elementor-element-576b5f6\" data-id=\"576b5f6\" data-element_type=\"column\" data-e-type=\"column\">\n\t\t\t<div class=\"elementor-widget-wrap elementor-element-populated\">\n\t\t\t\t\t\t<div class=\"elementor-element elementor-element-645ebab elementor-widget elementor-widget-text-editor\" data-id=\"645ebab\" data-element_type=\"widget\" data-e-type=\"widget\" data-widget_type=\"text-editor.default\">\n\t\t\t\t<div class=\"elementor-widget-container\">\n\t\t\t\t\t\t\t\t\t<i class=\"fas fa-phone-alt\" aria-hidden=\"true\"><\/i> \u00a0\u00a0\u00a0<a href=\"tel:50 21 45 02\">502 14 502<\/a>\t\t\t\t\t\t\t\t<\/div>\n\t\t\t\t<\/div>\n\t\t\t\t\t<\/div>\n\t\t<\/div>\n\t\t\t\t<div class=\"elementor-column elementor-col-50 elementor-inner-column elementor-element elementor-element-24c6bf2\" data-id=\"24c6bf2\" data-element_type=\"column\" data-e-type=\"column\">\n\t\t\t<div class=\"elementor-widget-wrap elementor-element-populated\">\n\t\t\t\t\t\t\t<\/div>\n\t\t<\/div>\n\t\t\t\t\t<\/div>\n\t\t<\/section>\n\t\t\t\t<div class=\"elementor-element elementor-element-329e8c4 elementor-widget-divider--view-line elementor-widget elementor-widget-divider\" data-id=\"329e8c4\" data-element_type=\"widget\" data-e-type=\"widget\" data-widget_type=\"divider.default\">\n\t\t\t\t<div class=\"elementor-widget-container\">\n\t\t\t\t\t\t\t<div class=\"elementor-divider\">\n\t\t\t<span class=\"elementor-divider-separator\">\n\t\t\t\t\t\t<\/span>\n\t\t<\/div>\n\t\t\t\t\t\t<\/div>\n\t\t\t\t<\/div>\n\t\t\t\t<div class=\"elementor-element elementor-element-cc299ef elementor-widget elementor-widget-text-editor\" data-id=\"cc299ef\" data-element_type=\"widget\" data-e-type=\"widget\" data-widget_type=\"text-editor.default\">\n\t\t\t\t<div class=\"elementor-widget-container\">\n\t\t\t\t\t\t\t\t\t<h6 class=\"mb-1 text-muted\">F\u00f8lg os!<\/h6>\t\t\t\t\t\t\t\t<\/div>\n\t\t\t\t<\/div>\n\t\t\t\t<div class=\"elementor-element elementor-element-e368c8a elementor-shape-circle e-grid-align-left elementor-grid-0 elementor-widget elementor-widget-social-icons\" data-id=\"e368c8a\" data-element_type=\"widget\" data-e-type=\"widget\" data-widget_type=\"social-icons.default\">\n\t\t\t\t<div class=\"elementor-widget-container\">\n\t\t\t\t\t\t\t<div class=\"elementor-social-icons-wrapper elementor-grid\" role=\"list\">\n\t\t\t\t\t\t\t<span class=\"elementor-grid-item\" role=\"listitem\">\n\t\t\t\t\t<a class=\"elementor-icon elementor-social-icon elementor-social-icon- elementor-repeater-item-05c104c\" href=\"https:\/\/www.facebook.com\/cavacafe2020\/\" target=\"_blank\">\n\t\t\t\t\t\t<span class=\"elementor-screen-only\"><\/span>\n\t\t\t\t\t\t<svg xmlns=\"http:\/\/www.w3.org\/2000\/svg\" xmlns:xlink=\"http:\/\/www.w3.org\/1999\/xlink\" height=\"67px\" id=\"Layer_1\" style=\"enable-background:new 0 0 67 67;\" viewBox=\"0 0 67 67\" width=\"67px\" xml:space=\"preserve\"><path d=\"M29.765,50.32h6.744V33.998h4.499l0.596-5.624h-5.095  l0.007-2.816c0-1.466,0.14-2.253,2.244-2.253h2.812V17.68h-4.5c-5.405,0-7.307,2.729-7.307,7.317v3.377h-3.369v5.625h3.369V50.32z   M34,64C17.432,64,4,50.568,4,34C4,17.431,17.432,4,34,4s30,13.431,30,30C64,50.568,50.568,64,34,64z\" style=\"fill-rule:evenodd;clip-rule:evenodd;fill:#3A589B;\"><\/path><\/svg>\t\t\t\t\t<\/a>\n\t\t\t\t<\/span>\n\t\t\t\t\t\t\t<span class=\"elementor-grid-item\" role=\"listitem\">\n\t\t\t\t\t<a class=\"elementor-icon elementor-social-icon elementor-social-icon- elementor-repeater-item-618b310\" href=\"https:\/\/www.instagram.com\/cavacafe_amager\/\" target=\"_blank\">\n\t\t\t\t\t\t<span class=\"elementor-screen-only\"><\/span>\n\t\t\t\t\t\t<svg xmlns=\"http:\/\/www.w3.org\/2000\/svg\" xmlns:xlink=\"http:\/\/www.w3.org\/1999\/xlink\" id=\"Layer_1\" style=\"enable-background:new 0 0 1000 1000;\" viewBox=\"0 0 1000 1000\" xml:space=\"preserve\"><style type=\"text\/css\">\t.st0{fill:url(#SVGID_1_);}\t.st1{fill:#FFFFFF;}<\/style><linearGradient gradientUnits=\"userSpaceOnUse\" id=\"SVGID_1_\" x1=\"146.4465\" x2=\"853.5535\" y1=\"853.5535\" y2=\"146.4465\"><stop offset=\"0\" style=\"stop-color:#FFD521\"><\/stop><stop offset=\"5.510481e-02\" style=\"stop-color:#FFD020\"><\/stop><stop offset=\"0.1241\" style=\"stop-color:#FEC01E\"><\/stop><stop offset=\"0.2004\" style=\"stop-color:#FCA71B\"><\/stop><stop offset=\"0.2821\" style=\"stop-color:#FA8316\"><\/stop><stop offset=\"0.3681\" style=\"stop-color:#F85510\"><\/stop><stop offset=\"0.4563\" style=\"stop-color:#F51E09\"><\/stop><stop offset=\"0.5\" style=\"stop-color:#F30005\"><\/stop><stop offset=\"0.5035\" style=\"stop-color:#F20007\"><\/stop><stop offset=\"0.5966\" style=\"stop-color:#E1003B\"><\/stop><stop offset=\"0.6879\" style=\"stop-color:#D30067\"><\/stop><stop offset=\"0.7757\" style=\"stop-color:#C70088\"><\/stop><stop offset=\"0.8589\" style=\"stop-color:#BF00A0\"><\/stop><stop offset=\"0.9357\" style=\"stop-color:#BB00AF\"><\/stop><stop offset=\"1\" style=\"stop-color:#B900B4\"><\/stop><\/linearGradient><path class=\"st0\" d=\"M500,1000L500,1000C223.9,1000,0,776.1,0,500v0C0,223.9,223.9,0,500,0h0c276.1,0,500,223.9,500,500v0  C1000,776.1,776.1,1000,500,1000z\"><\/path><g><path class=\"st1\" d=\"M500,220.2c91.1,0,101.9,0.3,137.9,2c33.3,1.5,51.4,7.1,63.4,11.8c15.9,6.2,27.3,13.6,39.2,25.5   c11.9,11.9,19.3,23.3,25.5,39.2c4.7,12,10.2,30.1,11.8,63.4c1.6,36,2,46.8,2,137.9s-0.3,101.9-2,137.9   c-1.5,33.3-7.1,51.4-11.8,63.4c-6.2,15.9-13.6,27.3-25.5,39.2c-11.9,11.9-23.3,19.3-39.2,25.5c-12,4.7-30.1,10.2-63.4,11.8   c-36,1.6-46.8,2-137.9,2s-101.9-0.3-137.9-2c-33.3-1.5-51.4-7.1-63.4-11.8c-15.9-6.2-27.3-13.6-39.2-25.5   c-11.9-11.9-19.3-23.3-25.5-39.2c-4.7-12-10.2-30.1-11.8-63.4c-1.6-36-2-46.8-2-137.9s0.3-101.9,2-137.9   c1.5-33.3,7.1-51.4,11.8-63.4c6.2-15.9,13.6-27.3,25.5-39.2c11.9-11.9,23.3-19.3,39.2-25.5c12-4.7,30.1-10.2,63.4-11.8   C398.1,220.5,408.9,220.2,500,220.2 M500,158.7c-92.7,0-104.3,0.4-140.7,2.1c-36.3,1.7-61.1,7.4-82.9,15.9   C254,185.3,234.9,197,216,216c-19,19-30.6,38-39.4,60.5c-8.4,21.7-14.2,46.5-15.9,82.9c-1.7,36.4-2.1,48-2.1,140.7   c0,92.7,0.4,104.3,2.1,140.7c1.7,36.3,7.4,61.1,15.9,82.9C185.3,746,197,765.1,216,784c19,19,38,30.6,60.5,39.4   c21.7,8.4,46.5,14.2,82.9,15.9c36.4,1.7,48,2.1,140.7,2.1s104.3-0.4,140.7-2.1c36.3-1.7,61.1-7.4,82.9-15.9   C746,814.7,765.1,803,784,784c19-19,30.6-38,39.4-60.5c8.4-21.7,14.2-46.5,15.9-82.9c1.7-36.4,2.1-48,2.1-140.7   s-0.4-104.3-2.1-140.7c-1.7-36.3-7.4-61.1-15.9-82.9C814.7,254,803,234.9,784,216c-19-19-38-30.6-60.5-39.4   c-21.7-8.4-46.5-14.2-82.9-15.9C604.3,159.1,592.7,158.7,500,158.7L500,158.7z\"><\/path><path class=\"st1\" d=\"M500,324.7c-96.8,0-175.3,78.5-175.3,175.3S403.2,675.3,500,675.3S675.3,596.8,675.3,500   S596.8,324.7,500,324.7z M500,613.8c-62.8,0-113.8-50.9-113.8-113.8S437.2,386.2,500,386.2c62.8,0,113.8,50.9,113.8,113.8   S562.8,613.8,500,613.8z\"><\/path><circle class=\"st1\" cx=\"682.2\" cy=\"317.8\" r=\"41\"><\/circle><\/g><\/svg>\t\t\t\t\t<\/a>\n\t\t\t\t<\/span>\n\t\t\t\t\t<\/div>\n\t\t\t\t\t\t<\/div>\n\t\t\t\t<\/div>\n\t\t\t\t\t<\/div>\n\t\t<\/div>\n\t\t\t\t<div class=\"elementor-column elementor-col-50 elementor-top-column elementor-element elementor-element-ceb218e\" data-id=\"ceb218e\" data-element_type=\"column\" data-e-type=\"column\">\n\t\t\t<div class=\"elementor-widget-wrap elementor-element-populated\">\n\t\t\t\t\t\t<div class=\"elementor-element elementor-element-37a3b93 elementor-widget elementor-widget-google_maps\" data-id=\"37a3b93\" data-element_type=\"widget\" data-e-type=\"widget\" data-widget_type=\"google_maps.default\">\n\t\t\t\t<div class=\"elementor-widget-container\">\n\t\t\t\t\t\t\t<div class=\"elementor-custom-embed\">\n\t\t\t<iframe loading=\"lazy\"\n\t\t\t\t\tsrc=\"https:\/\/maps.google.com\/maps?q=Kongedybet%2028%2C%202300%20K%C3%B8benhavn%20S&#038;t=m&#038;z=16&#038;output=embed&#038;iwloc=near\"\n\t\t\t\t\ttitle=\"Kongedybet 28, 2300 K\u00f8benhavn S\"\n\t\t\t\t\taria-label=\"Kongedybet 28, 2300 K\u00f8benhavn S\"\n\t\t\t><\/iframe>\n\t\t<\/div>\n\t\t\t\t\t\t<\/div>\n\t\t\t\t<\/div>\n\t\t\t\t\t<\/div>\n\t\t<\/div>\n\t\t\t\t\t<\/div>\n\t\t<\/section>\n\t\t\t\t<\/div>\n\t\t","protected":false},"excerpt":{"rendered":"<p>CavaCaf\u00e9 Kongedybet 28, 2300 K\u00f8benhavn S \u00a0\u00a0\u00a0502 14 502 F\u00f8lg os!<\/p>\n","protected":false},"author":1,"featured_media":0,"parent":0,"menu_order":0,"comment_status":"closed","ping_status":"closed","template":"","meta":{"footnotes":""},"class_list":["post-385","page","type-page","status-publish","hentry"],"yoast_head":"<!-- This site is optimized with the Yoast SEO plugin v27.4 - https:\/\/yoast.com\/product\/yoast-seo-wordpress\/ -->\n<title>Kontakt os - CavaCaf\u00e9<\/title>\n<meta name=\"description\" content=\"CavaCaf\u00e9 er en kaffe og mad i K\u00f8benhavn, der serverer l\u00e6kker morgenbrunch samt frokost &amp; aftensmad. L\u00e6s mere om udvalget &amp; mulighederne her. Cava Caf\u00e9, Kongedybet, K\u00f8benhavn\" \/>\n<meta name=\"robots\" content=\"index, follow, max-snippet:-1, max-image-preview:large, max-video-preview:-1\" \/>\n<link rel=\"canonical\" href=\"https:\/\/cavacafe.dk\/da\/contact-us\/\" \/>\n<meta property=\"og:locale\" content=\"da_DK\" \/>\n<meta property=\"og:type\" content=\"article\" \/>\n<meta property=\"og:title\" content=\"Kontakt os - CavaCaf\u00e9\" \/>\n<meta property=\"og:description\" content=\"CavaCaf\u00e9 er en kaffe og mad i K\u00f8benhavn, der serverer l\u00e6kker morgenbrunch samt frokost &amp; aftensmad. L\u00e6s mere om udvalget &amp; mulighederne her. Cava Caf\u00e9, Kongedybet, K\u00f8benhavn\" \/>\n<meta property=\"og:url\" content=\"https:\/\/cavacafe.dk\/da\/contact-us\/\" \/>\n<meta property=\"og:site_name\" content=\"CavaCaf\u00e9\" \/>\n<meta property=\"article:modified_time\" content=\"2024-09-30T13:37:35+00:00\" \/>\n<meta property=\"og:image\" content=\"https:\/\/cavacafe.dk\/wp-content\/uploads\/2020\/08\/og_image.jpg\" \/>\n\t<meta property=\"og:image:width\" content=\"1200\" \/>\n\t<meta property=\"og:image:height\" content=\"630\" \/>\n\t<meta property=\"og:image:type\" content=\"image\/jpeg\" \/>\n<meta name=\"twitter:card\" content=\"summary_large_image\" \/>\n<meta name=\"twitter:label1\" content=\"Estimeret l\u00e6setid\" \/>\n\t<meta name=\"twitter:data1\" content=\"1 minut\" \/>\n<script type=\"application\/ld+json\" class=\"yoast-schema-graph\">{\"@context\":\"https:\\\/\\\/schema.org\",\"@graph\":[{\"@type\":\"WebPage\",\"@id\":\"https:\\\/\\\/cavacafe.dk\\\/da\\\/contact-us\\\/\",\"url\":\"https:\\\/\\\/cavacafe.dk\\\/da\\\/contact-us\\\/\",\"name\":\"Kontakt os - CavaCaf\u00e9\",\"isPartOf\":{\"@id\":\"https:\\\/\\\/cavacafe.dk\\\/da\\\/#website\"},\"primaryImageOfPage\":{\"@id\":\"https:\\\/\\\/cavacafe.dk\\\/da\\\/contact-us\\\/#primaryimage\"},\"image\":{\"@id\":\"https:\\\/\\\/cavacafe.dk\\\/da\\\/contact-us\\\/#primaryimage\"},\"thumbnailUrl\":\"https:\\\/\\\/cavacafe.dk\\\/wp-content\\\/uploads\\\/2020\\\/08\\\/cropped-512x512-1-300x300.png\",\"datePublished\":\"2020-08-05T19:40:08+00:00\",\"dateModified\":\"2024-09-30T13:37:35+00:00\",\"description\":\"CavaCaf\u00e9 er en kaffe og mad i K\u00f8benhavn, der serverer l\u00e6kker morgenbrunch samt frokost & aftensmad. L\u00e6s mere om udvalget & mulighederne her. Cava Caf\u00e9, Kongedybet, K\u00f8benhavn\",\"breadcrumb\":{\"@id\":\"https:\\\/\\\/cavacafe.dk\\\/da\\\/contact-us\\\/#breadcrumb\"},\"inLanguage\":\"da-DK\",\"potentialAction\":[{\"@type\":\"ReadAction\",\"target\":[\"https:\\\/\\\/cavacafe.dk\\\/da\\\/contact-us\\\/\"]}]},{\"@type\":\"ImageObject\",\"inLanguage\":\"da-DK\",\"@id\":\"https:\\\/\\\/cavacafe.dk\\\/da\\\/contact-us\\\/#primaryimage\",\"url\":\"https:\\\/\\\/cavacafe.dk\\\/wp-content\\\/uploads\\\/2020\\\/08\\\/cropped-512x512-1-300x300.png\",\"contentUrl\":\"https:\\\/\\\/cavacafe.dk\\\/wp-content\\\/uploads\\\/2020\\\/08\\\/cropped-512x512-1-300x300.png\"},{\"@type\":\"BreadcrumbList\",\"@id\":\"https:\\\/\\\/cavacafe.dk\\\/da\\\/contact-us\\\/#breadcrumb\",\"itemListElement\":[{\"@type\":\"ListItem\",\"position\":1,\"name\":\"Home\",\"item\":\"https:\\\/\\\/cavacafe.dk\\\/da\\\/\"},{\"@type\":\"ListItem\",\"position\":2,\"name\":\"Kontakt os\"}]},{\"@type\":\"WebSite\",\"@id\":\"https:\\\/\\\/cavacafe.dk\\\/da\\\/#website\",\"url\":\"https:\\\/\\\/cavacafe.dk\\\/da\\\/\",\"name\":\"CavaCaf\u00e9\",\"description\":\"Kaffe &amp; Mad\",\"publisher\":{\"@id\":\"https:\\\/\\\/cavacafe.dk\\\/da\\\/#organization\"},\"potentialAction\":[{\"@type\":\"SearchAction\",\"target\":{\"@type\":\"EntryPoint\",\"urlTemplate\":\"https:\\\/\\\/cavacafe.dk\\\/da\\\/?s={search_term_string}\"},\"query-input\":{\"@type\":\"PropertyValueSpecification\",\"valueRequired\":true,\"valueName\":\"search_term_string\"}}],\"inLanguage\":\"da-DK\"},{\"@type\":\"Organization\",\"@id\":\"https:\\\/\\\/cavacafe.dk\\\/da\\\/#organization\",\"name\":\"CavaCaf\u00e9\",\"url\":\"https:\\\/\\\/cavacafe.dk\\\/da\\\/\",\"logo\":{\"@type\":\"ImageObject\",\"inLanguage\":\"da-DK\",\"@id\":\"https:\\\/\\\/cavacafe.dk\\\/da\\\/#\\\/schema\\\/logo\\\/image\\\/\",\"url\":\"https:\\\/\\\/cavacafe.dk\\\/wp-content\\\/uploads\\\/2020\\\/08\\\/logo.png\",\"contentUrl\":\"https:\\\/\\\/cavacafe.dk\\\/wp-content\\\/uploads\\\/2020\\\/08\\\/logo.png\",\"width\":200,\"height\":141,\"caption\":\"CavaCaf\u00e9\"},\"image\":{\"@id\":\"https:\\\/\\\/cavacafe.dk\\\/da\\\/#\\\/schema\\\/logo\\\/image\\\/\"}}]}<\/script>\n<!-- \/ Yoast SEO plugin. -->","yoast_head_json":{"title":"Kontakt os - CavaCaf\u00e9","description":"CavaCaf\u00e9 er en kaffe og mad i K\u00f8benhavn, der serverer l\u00e6kker morgenbrunch samt frokost & aftensmad. L\u00e6s mere om udvalget & mulighederne her. Cava Caf\u00e9, Kongedybet, K\u00f8benhavn","robots":{"index":"index","follow":"follow","max-snippet":"max-snippet:-1","max-image-preview":"max-image-preview:large","max-video-preview":"max-video-preview:-1"},"canonical":"https:\/\/cavacafe.dk\/da\/contact-us\/","og_locale":"da_DK","og_type":"article","og_title":"Kontakt os - CavaCaf\u00e9","og_description":"CavaCaf\u00e9 er en kaffe og mad i K\u00f8benhavn, der serverer l\u00e6kker morgenbrunch samt frokost & aftensmad. L\u00e6s mere om udvalget & mulighederne her. Cava Caf\u00e9, Kongedybet, K\u00f8benhavn","og_url":"https:\/\/cavacafe.dk\/da\/contact-us\/","og_site_name":"CavaCaf\u00e9","article_modified_time":"2024-09-30T13:37:35+00:00","og_image":[{"width":1200,"height":630,"url":"https:\/\/cavacafe.dk\/wp-content\/uploads\/2020\/08\/og_image.jpg","type":"image\/jpeg"}],"twitter_card":"summary_large_image","twitter_misc":{"Estimeret l\u00e6setid":"1 minut"},"schema":{"@context":"https:\/\/schema.org","@graph":[{"@type":"WebPage","@id":"https:\/\/cavacafe.dk\/da\/contact-us\/","url":"https:\/\/cavacafe.dk\/da\/contact-us\/","name":"Kontakt os - CavaCaf\u00e9","isPartOf":{"@id":"https:\/\/cavacafe.dk\/da\/#website"},"primaryImageOfPage":{"@id":"https:\/\/cavacafe.dk\/da\/contact-us\/#primaryimage"},"image":{"@id":"https:\/\/cavacafe.dk\/da\/contact-us\/#primaryimage"},"thumbnailUrl":"https:\/\/cavacafe.dk\/wp-content\/uploads\/2020\/08\/cropped-512x512-1-300x300.png","datePublished":"2020-08-05T19:40:08+00:00","dateModified":"2024-09-30T13:37:35+00:00","description":"CavaCaf\u00e9 er en kaffe og mad i K\u00f8benhavn, der serverer l\u00e6kker morgenbrunch samt frokost & aftensmad. L\u00e6s mere om udvalget & mulighederne her. Cava Caf\u00e9, Kongedybet, K\u00f8benhavn","breadcrumb":{"@id":"https:\/\/cavacafe.dk\/da\/contact-us\/#breadcrumb"},"inLanguage":"da-DK","potentialAction":[{"@type":"ReadAction","target":["https:\/\/cavacafe.dk\/da\/contact-us\/"]}]},{"@type":"ImageObject","inLanguage":"da-DK","@id":"https:\/\/cavacafe.dk\/da\/contact-us\/#primaryimage","url":"https:\/\/cavacafe.dk\/wp-content\/uploads\/2020\/08\/cropped-512x512-1-300x300.png","contentUrl":"https:\/\/cavacafe.dk\/wp-content\/uploads\/2020\/08\/cropped-512x512-1-300x300.png"},{"@type":"BreadcrumbList","@id":"https:\/\/cavacafe.dk\/da\/contact-us\/#breadcrumb","itemListElement":[{"@type":"ListItem","position":1,"name":"Home","item":"https:\/\/cavacafe.dk\/da\/"},{"@type":"ListItem","position":2,"name":"Kontakt os"}]},{"@type":"WebSite","@id":"https:\/\/cavacafe.dk\/da\/#website","url":"https:\/\/cavacafe.dk\/da\/","name":"CavaCaf\u00e9","description":"Kaffe &amp; Mad","publisher":{"@id":"https:\/\/cavacafe.dk\/da\/#organization"},"potentialAction":[{"@type":"SearchAction","target":{"@type":"EntryPoint","urlTemplate":"https:\/\/cavacafe.dk\/da\/?s={search_term_string}"},"query-input":{"@type":"PropertyValueSpecification","valueRequired":true,"valueName":"search_term_string"}}],"inLanguage":"da-DK"},{"@type":"Organization","@id":"https:\/\/cavacafe.dk\/da\/#organization","name":"CavaCaf\u00e9","url":"https:\/\/cavacafe.dk\/da\/","logo":{"@type":"ImageObject","inLanguage":"da-DK","@id":"https:\/\/cavacafe.dk\/da\/#\/schema\/logo\/image\/","url":"https:\/\/cavacafe.dk\/wp-content\/uploads\/2020\/08\/logo.png","contentUrl":"https:\/\/cavacafe.dk\/wp-content\/uploads\/2020\/08\/logo.png","width":200,"height":141,"caption":"CavaCaf\u00e9"},"image":{"@id":"https:\/\/cavacafe.dk\/da\/#\/schema\/logo\/image\/"}}]}},"_links":{"self":[{"href":"https:\/\/cavacafe.dk\/da\/wp-json\/wp\/v2\/pages\/385","targetHints":{"allow":["GET"]}}],"collection":[{"href":"https:\/\/cavacafe.dk\/da\/wp-json\/wp\/v2\/pages"}],"about":[{"href":"https:\/\/cavacafe.dk\/da\/wp-json\/wp\/v2\/types\/page"}],"author":[{"embeddable":true,"href":"https:\/\/cavacafe.dk\/da\/wp-json\/wp\/v2\/users\/1"}],"replies":[{"embeddable":true,"href":"https:\/\/cavacafe.dk\/da\/wp-json\/wp\/v2\/comments?post=385"}],"version-history":[{"count":3,"href":"https:\/\/cavacafe.dk\/da\/wp-json\/wp\/v2\/pages\/385\/revisions"}],"predecessor-version":[{"id":975,"href":"https:\/\/cavacafe.dk\/da\/wp-json\/wp\/v2\/pages\/385\/revisions\/975"}],"wp:attachment":[{"href":"https:\/\/cavacafe.dk\/da\/wp-json\/wp\/v2\/media?parent=385"}],"curies":[{"name":"wp","href":"https:\/\/api.w.org\/{rel}","templated":true}]}}